{"id":10188,"date":"2020-02-24T13:22:20","date_gmt":"2020-02-24T12:22:20","guid":{"rendered":"https:\/\/www.delettresenlettres.ch\/?page_id=10188"},"modified":"2022-10-27T11:28:09","modified_gmt":"2022-10-27T09:28:09","slug":"dauer-ausverkauf","status":"publish","type":"page","link":"https:\/\/ouvragelumineux.ch\/de\/dauer-ausverkauf\/","title":{"rendered":"Dauerausverkauf"},"content":{"rendered":"\t\t<div data-elementor-type=\"wp-page\" data-elementor-id=\"10188\" class=\"elementor elementor-10188 elementor-939\" data-elementor-post-type=\"page\">\n\t\t\t\t\t\t<section class=\"has_ae_slider elementor-section elementor-top-section elementor-element elementor-element-1d4f6abe elementor-section-boxed elementor-section-height-default elementor-section-height-default ae-bg-gallery-type-default\" data-id=\"1d4f6abe\" data-element_type=\"section\">\n\t\t\t\t\t\t<div class=\"elementor-container elementor-column-gap-default\">\n\t\t\t\t\t<div class=\"has_ae_slider elementor-column elementor-col-100 elementor-top-column elementor-element elementor-element-6eb4fb91 ae-bg-gallery-type-default\" data-id=\"6eb4fb91\" data-element_type=\"column\">\n\t\t\t<div class=\"elementor-widget-wrap elementor-element-populated\">\n\t\t\t\t\t\t<div class=\"elementor-element elementor-element-5dc7b10 ae-grid-default badge-h-left badge-v-top elementor-widget elementor-widget-ae-post-blocks-adv\" data-id=\"5dc7b10\" data-element_type=\"widget\" data-settings=\"{&quot;grid_pagination_scroll_top_offset&quot;:{&quot;unit&quot;:&quot;px&quot;,&quot;size&quot;:&quot;&quot;,&quot;sizes&quot;:[]},&quot;grid_pagination_scroll_top_offset_tablet&quot;:{&quot;unit&quot;:&quot;px&quot;,&quot;size&quot;:&quot;&quot;,&quot;sizes&quot;:[]},&quot;grid_pagination_scroll_top_offset_mobile&quot;:{&quot;unit&quot;:&quot;px&quot;,&quot;size&quot;:&quot;&quot;,&quot;sizes&quot;:[]}}\" data-widget_type=\"ae-post-blocks-adv.grid\">\n\t\t\t\t<div class=\"elementor-widget-container\">\n\t\t\t\t\t\t<div class=\"ae-outer-wrapper ae-height-100 sale-badge-yes\" data-source=\"product\" data-pid=\"10188\" data-wid=\"5dc7b10\" data-disable_scroll_on_ajax_load=\"no\" data-pagination_scroll_top_offset=\"\" >\n\t\t\t\t\t\t\t<\/div> <!-- end .ae-outer-wrapper -->\n\t\t\t\t\t\t<\/div>\n\t\t\t\t<\/div>\n\t\t\t\t\t<\/div>\n\t\t<\/div>\n\t\t\t\t\t<\/div>\n\t\t<\/section>\n\t\t\t\t<\/div>\n\t\t","protected":false},"excerpt":{"rendered":"<p>% W\u00e4rmekissen &#67;&#72;&#70;&nbsp;20.00 &#67;&#72;&#70;&nbsp;15.00 % Kissen &#8220;pride&#8221; &#67;&#72;&#70;&nbsp;20.00 &#67;&#72;&#70;&nbsp;15.00 % Taschentuch &#8220;tourbillon floral&#8221; &#67;&#72;&#70;&nbsp;5.00 &#67;&#72;&#70;&nbsp;4.00 % Taschentuch &#8220;vigne&#8221; &#67;&#72;&#70;&nbsp;5.00 &#67;&#72;&#70;&nbsp;4.00 % Taschentuch &#8220;Paris&#8221; &#67;&#72;&#70;&nbsp;5.00 &#67;&#72;&#70;&nbsp;4.00 % Handtuch &#8220;p\u00e2ques&#8221; &#67;&#72;&#70;&nbsp;25.00 &#67;&#72;&#70;&nbsp;20.00 % Handtuch &#8220;foug\u00e8re&#8221; &#67;&#72;&#70;&nbsp;25.00 &#67;&#72;&#70;&nbsp;20.00 % Tischserviette &#8220;carreau&#8221; &#67;&#72;&#70;&nbsp;9.00 &#67;&#72;&#70;&nbsp;7.00 % Tischserviette &#8220;mandala&#8221; &#67;&#72;&#70;&nbsp;9.00 &#67;&#72;&#70;&nbsp;7.00 % Wasserdichtes Abschminktuch &#8220;vacances sous les tropiques&#8221; &#67;&#72;&#70;&nbsp;3.00 &#67;&#72;&#70;&nbsp;1.50 % [&hellip;]<\/p>\n","protected":false},"author":195,"featured_media":0,"parent":0,"menu_order":0,"comment_status":"closed","ping_status":"closed","template":"","meta":{"_acf_changed":false,"_exactmetrics_skip_tracking":false,"_exactmetrics_sitenote_active":false,"_exactmetrics_sitenote_note":"","_exactmetrics_sitenote_category":0,"footnotes":""},"class_list":["post-10188","page","type-page","status-publish","hentry"],"acf":[],"yoast_head":"<!-- This site is optimized with the Yoast SEO plugin v22.3 - https:\/\/yoast.com\/wordpress\/plugins\/seo\/ -->\n<title>Dauerausverkauf - Ouvrage Lumineux<\/title>\n<meta name=\"robots\" content=\"index, follow, max-snippet:-1, max-image-preview:large, max-video-preview:-1\" \/>\n<link rel=\"canonical\" href=\"https:\/\/ouvragelumineux.ch\/de\/dauer-ausverkauf\/\" \/>\n<meta property=\"og:locale\" content=\"de_DE\" \/>\n<meta property=\"og:type\" content=\"article\" \/>\n<meta property=\"og:title\" content=\"Dauerausverkauf - Ouvrage Lumineux\" \/>\n<meta property=\"og:description\" content=\"% W\u00e4rmekissen &#067;&#072;&#070;&nbsp;20.00 &#067;&#072;&#070;&nbsp;15.00 % Kissen &#8220;pride&#8221; &#067;&#072;&#070;&nbsp;20.00 &#067;&#072;&#070;&nbsp;15.00 % Taschentuch &#8220;tourbillon floral&#8221; &#067;&#072;&#070;&nbsp;5.00 &#067;&#072;&#070;&nbsp;4.00 % Taschentuch &#8220;vigne&#8221; &#067;&#072;&#070;&nbsp;5.00 &#067;&#072;&#070;&nbsp;4.00 % Taschentuch &#8220;Paris&#8221; &#067;&#072;&#070;&nbsp;5.00 &#067;&#072;&#070;&nbsp;4.00 % Handtuch &#8220;p\u00e2ques&#8221; &#067;&#072;&#070;&nbsp;25.00 &#067;&#072;&#070;&nbsp;20.00 % Handtuch &#8220;foug\u00e8re&#8221; &#067;&#072;&#070;&nbsp;25.00 &#067;&#072;&#070;&nbsp;20.00 % Tischserviette &#8220;carreau&#8221; &#067;&#072;&#070;&nbsp;9.00 &#067;&#072;&#070;&nbsp;7.00 % Tischserviette &#8220;mandala&#8221; &#067;&#072;&#070;&nbsp;9.00 &#067;&#072;&#070;&nbsp;7.00 % Wasserdichtes Abschminktuch &#8220;vacances sous les tropiques&#8221; &#067;&#072;&#070;&nbsp;3.00 &#067;&#072;&#070;&nbsp;1.50 % [&hellip;]\" \/>\n<meta property=\"og:url\" content=\"https:\/\/ouvragelumineux.ch\/de\/dauer-ausverkauf\/\" \/>\n<meta property=\"og:site_name\" content=\"Ouvrage Lumineux\" \/>\n<meta property=\"article:modified_time\" content=\"2022-10-27T09:28:09+00:00\" \/>\n<meta property=\"og:image\" content=\"https:\/\/ouvragelumineux.ch\/wp-content\/uploads\/2022\/10\/IMG-20221013-WA0049-768x1365.jpg\" \/>\n<meta name=\"twitter:card\" content=\"summary_large_image\" \/>\n<meta name=\"twitter:label1\" content=\"Gesch\u00e4tzte Lesezeit\" \/>\n\t<meta name=\"twitter:data1\" content=\"25 Minuten\" \/>\n<script type=\"application\/ld+json\" class=\"yoast-schema-graph\">{\"@context\":\"https:\/\/schema.org\",\"@graph\":[{\"@type\":\"WebPage\",\"@id\":\"https:\/\/ouvragelumineux.ch\/de\/dauer-ausverkauf\/\",\"url\":\"https:\/\/ouvragelumineux.ch\/de\/dauer-ausverkauf\/\",\"name\":\"Dauerausverkauf - Ouvrage Lumineux\",\"isPartOf\":{\"@id\":\"https:\/\/ouvragelumineux.ch\/de\/#website\"},\"primaryImageOfPage\":{\"@id\":\"https:\/\/ouvragelumineux.ch\/de\/dauer-ausverkauf\/#primaryimage\"},\"image\":{\"@id\":\"https:\/\/ouvragelumineux.ch\/de\/dauer-ausverkauf\/#primaryimage\"},\"thumbnailUrl\":\"https:\/\/ouvragelumineux.ch\/wp-content\/uploads\/2022\/10\/IMG-20221013-WA0049-768x1365.jpg\",\"datePublished\":\"2020-02-24T12:22:20+00:00\",\"dateModified\":\"2022-10-27T09:28:09+00:00\",\"breadcrumb\":{\"@id\":\"https:\/\/ouvragelumineux.ch\/de\/dauer-ausverkauf\/#breadcrumb\"},\"inLanguage\":\"de\",\"potentialAction\":[{\"@type\":\"ReadAction\",\"target\":[\"https:\/\/ouvragelumineux.ch\/de\/dauer-ausverkauf\/\"]}]},{\"@type\":\"ImageObject\",\"inLanguage\":\"de\",\"@id\":\"https:\/\/ouvragelumineux.ch\/de\/dauer-ausverkauf\/#primaryimage\",\"url\":\"https:\/\/ouvragelumineux.ch\/wp-content\/uploads\/2022\/10\/IMG-20221013-WA0049.jpg\",\"contentUrl\":\"https:\/\/ouvragelumineux.ch\/wp-content\/uploads\/2022\/10\/IMG-20221013-WA0049.jpg\",\"width\":1152,\"height\":2048},{\"@type\":\"BreadcrumbList\",\"@id\":\"https:\/\/ouvragelumineux.ch\/de\/dauer-ausverkauf\/#breadcrumb\",\"itemListElement\":[{\"@type\":\"ListItem\",\"position\":1,\"name\":\"Accueil\",\"item\":\"https:\/\/ouvragelumineux.ch\/de\/\"},{\"@type\":\"ListItem\",\"position\":2,\"name\":\"Dauerausverkauf\"}]},{\"@type\":\"WebSite\",\"@id\":\"https:\/\/ouvragelumineux.ch\/de\/#website\",\"url\":\"https:\/\/ouvragelumineux.ch\/de\/\",\"name\":\"Ouvrage Lumineux\",\"description\":\"Boutique de cr\u00e9atrices et couture z\u00e9ro d\u00e9chet\",\"publisher\":{\"@id\":\"https:\/\/ouvragelumineux.ch\/de\/#organization\"},\"potentialAction\":[{\"@type\":\"SearchAction\",\"target\":{\"@type\":\"EntryPoint\",\"urlTemplate\":\"https:\/\/ouvragelumineux.ch\/de\/?s={search_term_string}\"},\"query-input\":\"required name=search_term_string\"}],\"inLanguage\":\"de\"},{\"@type\":\"Organization\",\"@id\":\"https:\/\/ouvragelumineux.ch\/de\/#organization\",\"name\":\"De lettres en lettres\",\"url\":\"https:\/\/ouvragelumineux.ch\/de\/\",\"logo\":{\"@type\":\"ImageObject\",\"inLanguage\":\"de\",\"@id\":\"https:\/\/ouvragelumineux.ch\/de\/#\/schema\/logo\/image\/\",\"url\":\"https:\/\/ouvragelumineux.ch\/wp-content\/uploads\/2018\/11\/logo_de_lettres_en_lettres.png\",\"contentUrl\":\"https:\/\/ouvragelumineux.ch\/wp-content\/uploads\/2018\/11\/logo_de_lettres_en_lettres.png\",\"width\":482,\"height\":482,\"caption\":\"De lettres en lettres\"},\"image\":{\"@id\":\"https:\/\/ouvragelumineux.ch\/de\/#\/schema\/logo\/image\/\"}}]}<\/script>\n<!-- \/ Yoast SEO plugin. -->","yoast_head_json":{"title":"Dauerausverkauf - Ouvrage Lumineux","robots":{"index":"index","follow":"follow","max-snippet":"max-snippet:-1","max-image-preview":"max-image-preview:large","max-video-preview":"max-video-preview:-1"},"canonical":"https:\/\/ouvragelumineux.ch\/de\/dauer-ausverkauf\/","og_locale":"de_DE","og_type":"article","og_title":"Dauerausverkauf - Ouvrage Lumineux","og_description":"% W\u00e4rmekissen &#67;&#72;&#70;&nbsp;20.00 &#67;&#72;&#70;&nbsp;15.00 % Kissen &#8220;pride&#8221; &#67;&#72;&#70;&nbsp;20.00 &#67;&#72;&#70;&nbsp;15.00 % Taschentuch &#8220;tourbillon floral&#8221; &#67;&#72;&#70;&nbsp;5.00 &#67;&#72;&#70;&nbsp;4.00 % Taschentuch &#8220;vigne&#8221; &#67;&#72;&#70;&nbsp;5.00 &#67;&#72;&#70;&nbsp;4.00 % Taschentuch &#8220;Paris&#8221; &#67;&#72;&#70;&nbsp;5.00 &#67;&#72;&#70;&nbsp;4.00 % Handtuch &#8220;p\u00e2ques&#8221; &#67;&#72;&#70;&nbsp;25.00 &#67;&#72;&#70;&nbsp;20.00 % Handtuch &#8220;foug\u00e8re&#8221; &#67;&#72;&#70;&nbsp;25.00 &#67;&#72;&#70;&nbsp;20.00 % Tischserviette &#8220;carreau&#8221; &#67;&#72;&#70;&nbsp;9.00 &#67;&#72;&#70;&nbsp;7.00 % Tischserviette &#8220;mandala&#8221; &#67;&#72;&#70;&nbsp;9.00 &#67;&#72;&#70;&nbsp;7.00 % Wasserdichtes Abschminktuch &#8220;vacances sous les tropiques&#8221; &#67;&#72;&#70;&nbsp;3.00 &#67;&#72;&#70;&nbsp;1.50 % [&hellip;]","og_url":"https:\/\/ouvragelumineux.ch\/de\/dauer-ausverkauf\/","og_site_name":"Ouvrage Lumineux","article_modified_time":"2022-10-27T09:28:09+00:00","og_image":[{"url":"https:\/\/ouvragelumineux.ch\/wp-content\/uploads\/2022\/10\/IMG-20221013-WA0049-768x1365.jpg"}],"twitter_card":"summary_large_image","twitter_misc":{"Gesch\u00e4tzte Lesezeit":"25 Minuten"},"schema":{"@context":"https:\/\/schema.org","@graph":[{"@type":"WebPage","@id":"https:\/\/ouvragelumineux.ch\/de\/dauer-ausverkauf\/","url":"https:\/\/ouvragelumineux.ch\/de\/dauer-ausverkauf\/","name":"Dauerausverkauf - Ouvrage Lumineux","isPartOf":{"@id":"https:\/\/ouvragelumineux.ch\/de\/#website"},"primaryImageOfPage":{"@id":"https:\/\/ouvragelumineux.ch\/de\/dauer-ausverkauf\/#primaryimage"},"image":{"@id":"https:\/\/ouvragelumineux.ch\/de\/dauer-ausverkauf\/#primaryimage"},"thumbnailUrl":"https:\/\/ouvragelumineux.ch\/wp-content\/uploads\/2022\/10\/IMG-20221013-WA0049-768x1365.jpg","datePublished":"2020-02-24T12:22:20+00:00","dateModified":"2022-10-27T09:28:09+00:00","breadcrumb":{"@id":"https:\/\/ouvragelumineux.ch\/de\/dauer-ausverkauf\/#breadcrumb"},"inLanguage":"de","potentialAction":[{"@type":"ReadAction","target":["https:\/\/ouvragelumineux.ch\/de\/dauer-ausverkauf\/"]}]},{"@type":"ImageObject","inLanguage":"de","@id":"https:\/\/ouvragelumineux.ch\/de\/dauer-ausverkauf\/#primaryimage","url":"https:\/\/ouvragelumineux.ch\/wp-content\/uploads\/2022\/10\/IMG-20221013-WA0049.jpg","contentUrl":"https:\/\/ouvragelumineux.ch\/wp-content\/uploads\/2022\/10\/IMG-20221013-WA0049.jpg","width":1152,"height":2048},{"@type":"BreadcrumbList","@id":"https:\/\/ouvragelumineux.ch\/de\/dauer-ausverkauf\/#breadcrumb","itemListElement":[{"@type":"ListItem","position":1,"name":"Accueil","item":"https:\/\/ouvragelumineux.ch\/de\/"},{"@type":"ListItem","position":2,"name":"Dauerausverkauf"}]},{"@type":"WebSite","@id":"https:\/\/ouvragelumineux.ch\/de\/#website","url":"https:\/\/ouvragelumineux.ch\/de\/","name":"Ouvrage Lumineux","description":"Boutique de cr\u00e9atrices et couture z\u00e9ro d\u00e9chet","publisher":{"@id":"https:\/\/ouvragelumineux.ch\/de\/#organization"},"potentialAction":[{"@type":"SearchAction","target":{"@type":"EntryPoint","urlTemplate":"https:\/\/ouvragelumineux.ch\/de\/?s={search_term_string}"},"query-input":"required name=search_term_string"}],"inLanguage":"de"},{"@type":"Organization","@id":"https:\/\/ouvragelumineux.ch\/de\/#organization","name":"De lettres en lettres","url":"https:\/\/ouvragelumineux.ch\/de\/","logo":{"@type":"ImageObject","inLanguage":"de","@id":"https:\/\/ouvragelumineux.ch\/de\/#\/schema\/logo\/image\/","url":"https:\/\/ouvragelumineux.ch\/wp-content\/uploads\/2018\/11\/logo_de_lettres_en_lettres.png","contentUrl":"https:\/\/ouvragelumineux.ch\/wp-content\/uploads\/2018\/11\/logo_de_lettres_en_lettres.png","width":482,"height":482,"caption":"De lettres en lettres"},"image":{"@id":"https:\/\/ouvragelumineux.ch\/de\/#\/schema\/logo\/image\/"}}]}},"publishpress_future_action":{"enabled":false,"date":"2026-05-14 13:09:01","action":"change-status","newStatus":"draft","terms":[],"taxonomy":"translation_priority"},"_links":{"self":[{"href":"https:\/\/ouvragelumineux.ch\/de\/wp-json\/wp\/v2\/pages\/10188","targetHints":{"allow":["GET"]}}],"collection":[{"href":"https:\/\/ouvragelumineux.ch\/de\/wp-json\/wp\/v2\/pages"}],"about":[{"href":"https:\/\/ouvragelumineux.ch\/de\/wp-json\/wp\/v2\/types\/page"}],"author":[{"embeddable":true,"href":"https:\/\/ouvragelumineux.ch\/de\/wp-json\/wp\/v2\/users\/195"}],"replies":[{"embeddable":true,"href":"https:\/\/ouvragelumineux.ch\/de\/wp-json\/wp\/v2\/comments?post=10188"}],"version-history":[{"count":5,"href":"https:\/\/ouvragelumineux.ch\/de\/wp-json\/wp\/v2\/pages\/10188\/revisions"}],"predecessor-version":[{"id":59673,"href":"https:\/\/ouvragelumineux.ch\/de\/wp-json\/wp\/v2\/pages\/10188\/revisions\/59673"}],"wp:attachment":[{"href":"https:\/\/ouvragelumineux.ch\/de\/wp-json\/wp\/v2\/media?parent=10188"}],"curies":[{"name":"wp","href":"https:\/\/api.w.org\/{rel}","templated":true}]}}