{"id":10198,"date":"2020-02-24T13:29:57","date_gmt":"2020-02-24T12:29:57","guid":{"rendered":"https:\/\/www.delettresenlettres.ch\/?page_id=10198"},"modified":"2020-02-24T13:29:58","modified_gmt":"2020-02-24T12:29:58","slug":"datenschutzerklaerung","status":"publish","type":"page","link":"https:\/\/ouvragelumineux.ch\/de\/datenschutzerklaerung\/","title":{"rendered":"Datenschutzerkl\u00e4rung"},"content":{"rendered":"<p><strong>Wer sind wir?<\/strong><\/p>\n<p>Die Adresse unserer Website lautet: https:\/\/www.delettresenlettres.ch<\/p>\n<p><strong>Verwendung der gesammelten pers\u00f6nlichen Daten<\/strong><br \/>\n<strong>Kommentare<\/strong><\/p>\n<p>Wenn Sie einen Kommentar auf unserer Website hinterlassen, werden die in das Kommentarformular eingegebenen Daten, Ihre IP-Adresse und der User-Agent Ihres Browsers erfasst, um uns zu helfen, unerw\u00fcnschte Kommentare zu erkennen.<\/p>\n<p>Eine anonymisierte Zeichenfolge, die aus Ihrer E-Mail-Adresse erstellt wird (auch Hash genannt), kann an den Gravatar-Dienst gesendet werden, um zu pr\u00fcfen, ob Sie den Dienst nutzen. Die Datenschutzerkl\u00e4rung von Gravatar Service ist hier verf\u00fcgbar: https:\/\/automattic.com\/privacy\/. Nachdem Sie Ihren Kommentar best\u00e4tigt haben, wird Ihr Profilbild neben Ihrem Kommentar \u00f6ffentlich sichtbar sein.<\/p>\n<p><strong>Medien<\/strong><\/p>\n<p>Wenn Sie ein registrierter Benutzer sind und Bilder auf die Website hochladen, raten wir Ihnen, das Hochladen von Bildern mit EXIF-GPS-Koordinatendaten zu vermeiden. Die Besucher Ihrer Website k\u00f6nnen die Standortdaten dieser Bilder herunterladen und extrahieren.<\/p>\n<p><strong>Kontaktformulare<\/strong><br \/>\n<strong>Cookies<\/strong><\/p>\n<p>Wenn Sie einen Kommentar auf unserer Website hinterlassen, werden Sie gebeten, Ihren Namen, Ihre E-Mail-Adresse und Ihre Website in Cookies zu speichern. Dies ist nur zu Ihrer Bequemlichkeit, damit Sie diese Informationen nicht eingeben m\u00fcssen, wenn Sie sp\u00e4ter noch einen Kommentar abgeben. Diese Cookies verfallen nach einem Jahr.<\/p>\n<p>Wenn Sie ein Konto haben und sich auf dieser Website anmelden, wird ein tempor\u00e4res Cookie erstellt, um festzustellen, ob Ihr Browser Cookies akzeptiert. Sie enth\u00e4lt keine pers\u00f6nlichen Daten und wird automatisch gel\u00f6scht, wenn Sie Ihren Browser schlie\u00dfen.<\/p>\n<p>Wenn Sie sich einloggen, setzen wir eine Reihe von Cookies, um Ihre Anmeldeinformationen und Bildschirmeinstellungen zu speichern. Die Lebensdauer eines Login-Cookies betr\u00e4gt zwei Tage, die eines Screen-Option-Cookies ein Jahr. Wenn Sie &#8220;Remember me&#8221; ankreuzen, wird Ihr Login-Cookie zwei Wochen lang gespeichert. Wenn Sie sich von Ihrem Konto abmelden, wird das Login-Cookie gel\u00f6scht.<\/p>\n<p>Wenn Sie eine Publikation bearbeiten oder ver\u00f6ffentlichen, wird ein zus\u00e4tzliches Cookie in Ihrem Browser gespeichert. Dieses Cookie enth\u00e4lt keine pers\u00f6nlichen Daten. Es zeigt lediglich die ID der Publikation an, die Sie gerade ge\u00e4ndert haben. Sie l\u00e4uft nach einem Tag ab.<\/p>\n<p><strong>Eingebettete Inhalte von anderen Websites<\/strong><\/p>\n<p>Artikel auf dieser Website k\u00f6nnen eingebettete Inhalte (z.B. Videos, Bilder, Artikel&#8230;) enthalten. Inhalte, die von anderen Websites eingebettet sind, verhalten sich so, als ob der Besucher diese andere Website besuchen w\u00fcrde.<\/p>\n<p>Diese Websites k\u00f6nnen Daten \u00fcber Sie sammeln, Cookies verwenden, Tracking-Tools von Dritten einbetten, Ihre Interaktionen mit solchen eingebetteten Inhalten verfolgen, wenn Sie ein Konto haben, das mit ihrer Website verbunden ist.<\/p>\n<p><strong>Statistik und Publikumsmessung<\/strong><br \/>\nVerwendung und \u00dcbermittlung Ihrer pers\u00f6nlichen Daten<br \/>\nWie lange speichern Sie Ihre Daten?<\/p>\n<p>Wenn Sie einen Kommentar hinterlassen, bleiben der Kommentar und seine Metadaten auf unbestimmte Zeit erhalten. Dadurch ist es m\u00f6glich, nachfolgende Kommentare automatisch zu erkennen und zu genehmigen, anstatt sie in der Moderationswarteschlange zu belassen.<\/p>\n<p>F\u00fcr Benutzer, die sich auf unserer Website registrieren (wenn m\u00f6glich), speichern wir auch die in ihrem Profil angegebenen pers\u00f6nlichen Daten. Alle Benutzer k\u00f6nnen ihre pers\u00f6nlichen Daten jederzeit einsehen, \u00e4ndern oder l\u00f6schen (mit Ausnahme des Benutzernamens). Die Standortleiter k\u00f6nnen diese Informationen ebenfalls einsehen und \u00e4ndern.<\/p>\n<p><strong>Die Rechte, die Sie an Ihren Daten haben<\/strong><\/p>\n<p>Wenn Sie ein Konto haben oder Kommentare auf der Website hinterlassen haben, k\u00f6nnen Sie eine Datei mit allen pers\u00f6nlichen Daten, die wir \u00fcber Sie besitzen, einschlie\u00dflich der Daten, die Sie uns zur Verf\u00fcgung gestellt haben, anfordern. Sie k\u00f6nnen auch die L\u00f6schung Ihrer pers\u00f6nlichen Daten beantragen. Dies schlie\u00dft nicht die Daten ein, die f\u00fcr administrative, rechtliche oder Sicherheitszwecke gespeichert werden.<\/p>\n<p><strong>\u00dcbermittlung Ihrer pers\u00f6nlichen Daten<\/strong><\/p>\n<p>Die Kommentare der Besucher k\u00f6nnen mit Hilfe eines automatisierten Dienstes zur Erkennung unerw\u00fcnschter Kommentare \u00fcberpr\u00fcft werden.<\/p>\n","protected":false},"excerpt":{"rendered":"<p>Wer sind wir? Die Adresse unserer Website lautet: https:\/\/www.delettresenlettres.ch Verwendung der gesammelten pers\u00f6nlichen Daten Kommentare Wenn Sie einen Kommentar auf unserer Website hinterlassen, werden die in das Kommentarformular eingegebenen Daten, Ihre IP-Adresse und der User-Agent Ihres Browsers erfasst, um uns zu helfen, unerw\u00fcnschte Kommentare zu erkennen. Eine anonymisierte Zeichenfolge, die aus Ihrer E-Mail-Adresse erstellt wird [&hellip;]<\/p>\n","protected":false},"author":195,"featured_media":0,"parent":0,"menu_order":0,"comment_status":"closed","ping_status":"open","template":"","meta":{"_acf_changed":false,"_exactmetrics_skip_tracking":false,"_exactmetrics_sitenote_active":false,"_exactmetrics_sitenote_note":"","_exactmetrics_sitenote_category":0,"footnotes":""},"class_list":["post-10198","page","type-page","status-publish","hentry"],"acf":[],"yoast_head":"<!-- This site is optimized with the Yoast SEO plugin v22.3 - https:\/\/yoast.com\/wordpress\/plugins\/seo\/ -->\n<title>Datenschutzerkl\u00e4rung - Ouvrage Lumineux<\/title>\n<meta name=\"robots\" content=\"index, follow, max-snippet:-1, max-image-preview:large, max-video-preview:-1\" \/>\n<link rel=\"canonical\" href=\"https:\/\/ouvragelumineux.ch\/de\/datenschutzerklaerung\/\" \/>\n<meta property=\"og:locale\" content=\"de_DE\" \/>\n<meta property=\"og:type\" content=\"article\" \/>\n<meta property=\"og:title\" content=\"Datenschutzerkl\u00e4rung - Ouvrage Lumineux\" \/>\n<meta property=\"og:description\" content=\"Wer sind wir? Die Adresse unserer Website lautet: https:\/\/www.delettresenlettres.ch Verwendung der gesammelten pers\u00f6nlichen Daten Kommentare Wenn Sie einen Kommentar auf unserer Website hinterlassen, werden die in das Kommentarformular eingegebenen Daten, Ihre IP-Adresse und der User-Agent Ihres Browsers erfasst, um uns zu helfen, unerw\u00fcnschte Kommentare zu erkennen. Eine anonymisierte Zeichenfolge, die aus Ihrer E-Mail-Adresse erstellt wird [&hellip;]\" \/>\n<meta property=\"og:url\" content=\"https:\/\/ouvragelumineux.ch\/de\/datenschutzerklaerung\/\" \/>\n<meta property=\"og:site_name\" content=\"Ouvrage Lumineux\" \/>\n<meta property=\"article:modified_time\" content=\"2020-02-24T12:29:58+00:00\" \/>\n<meta name=\"twitter:card\" content=\"summary_large_image\" \/>\n<meta name=\"twitter:label1\" content=\"Gesch\u00e4tzte Lesezeit\" \/>\n\t<meta name=\"twitter:data1\" content=\"3 Minuten\" \/>\n<script type=\"application\/ld+json\" class=\"yoast-schema-graph\">{\"@context\":\"https:\/\/schema.org\",\"@graph\":[{\"@type\":\"WebPage\",\"@id\":\"https:\/\/ouvragelumineux.ch\/de\/datenschutzerklaerung\/\",\"url\":\"https:\/\/ouvragelumineux.ch\/de\/datenschutzerklaerung\/\",\"name\":\"Datenschutzerkl\u00e4rung - Ouvrage Lumineux\",\"isPartOf\":{\"@id\":\"https:\/\/ouvragelumineux.ch\/de\/#website\"},\"datePublished\":\"2020-02-24T12:29:57+00:00\",\"dateModified\":\"2020-02-24T12:29:58+00:00\",\"breadcrumb\":{\"@id\":\"https:\/\/ouvragelumineux.ch\/de\/datenschutzerklaerung\/#breadcrumb\"},\"inLanguage\":\"de\",\"potentialAction\":[{\"@type\":\"ReadAction\",\"target\":[\"https:\/\/ouvragelumineux.ch\/de\/datenschutzerklaerung\/\"]}]},{\"@type\":\"BreadcrumbList\",\"@id\":\"https:\/\/ouvragelumineux.ch\/de\/datenschutzerklaerung\/#breadcrumb\",\"itemListElement\":[{\"@type\":\"ListItem\",\"position\":1,\"name\":\"Accueil\",\"item\":\"https:\/\/ouvragelumineux.ch\/de\/\"},{\"@type\":\"ListItem\",\"position\":2,\"name\":\"Datenschutzerkl\u00e4rung\"}]},{\"@type\":\"WebSite\",\"@id\":\"https:\/\/ouvragelumineux.ch\/de\/#website\",\"url\":\"https:\/\/ouvragelumineux.ch\/de\/\",\"name\":\"Ouvrage Lumineux\",\"description\":\"Boutique de cr\u00e9atrices et couture z\u00e9ro d\u00e9chet\",\"publisher\":{\"@id\":\"https:\/\/ouvragelumineux.ch\/de\/#organization\"},\"potentialAction\":[{\"@type\":\"SearchAction\",\"target\":{\"@type\":\"EntryPoint\",\"urlTemplate\":\"https:\/\/ouvragelumineux.ch\/de\/?s={search_term_string}\"},\"query-input\":\"required name=search_term_string\"}],\"inLanguage\":\"de\"},{\"@type\":\"Organization\",\"@id\":\"https:\/\/ouvragelumineux.ch\/de\/#organization\",\"name\":\"De lettres en lettres\",\"url\":\"https:\/\/ouvragelumineux.ch\/de\/\",\"logo\":{\"@type\":\"ImageObject\",\"inLanguage\":\"de\",\"@id\":\"https:\/\/ouvragelumineux.ch\/de\/#\/schema\/logo\/image\/\",\"url\":\"https:\/\/ouvragelumineux.ch\/wp-content\/uploads\/2018\/11\/logo_de_lettres_en_lettres.png\",\"contentUrl\":\"https:\/\/ouvragelumineux.ch\/wp-content\/uploads\/2018\/11\/logo_de_lettres_en_lettres.png\",\"width\":482,\"height\":482,\"caption\":\"De lettres en lettres\"},\"image\":{\"@id\":\"https:\/\/ouvragelumineux.ch\/de\/#\/schema\/logo\/image\/\"}}]}<\/script>\n<!-- \/ Yoast SEO plugin. -->","yoast_head_json":{"title":"Datenschutzerkl\u00e4rung - Ouvrage Lumineux","robots":{"index":"index","follow":"follow","max-snippet":"max-snippet:-1","max-image-preview":"max-image-preview:large","max-video-preview":"max-video-preview:-1"},"canonical":"https:\/\/ouvragelumineux.ch\/de\/datenschutzerklaerung\/","og_locale":"de_DE","og_type":"article","og_title":"Datenschutzerkl\u00e4rung - Ouvrage Lumineux","og_description":"Wer sind wir? Die Adresse unserer Website lautet: https:\/\/www.delettresenlettres.ch Verwendung der gesammelten pers\u00f6nlichen Daten Kommentare Wenn Sie einen Kommentar auf unserer Website hinterlassen, werden die in das Kommentarformular eingegebenen Daten, Ihre IP-Adresse und der User-Agent Ihres Browsers erfasst, um uns zu helfen, unerw\u00fcnschte Kommentare zu erkennen. Eine anonymisierte Zeichenfolge, die aus Ihrer E-Mail-Adresse erstellt wird [&hellip;]","og_url":"https:\/\/ouvragelumineux.ch\/de\/datenschutzerklaerung\/","og_site_name":"Ouvrage Lumineux","article_modified_time":"2020-02-24T12:29:58+00:00","twitter_card":"summary_large_image","twitter_misc":{"Gesch\u00e4tzte Lesezeit":"3 Minuten"},"schema":{"@context":"https:\/\/schema.org","@graph":[{"@type":"WebPage","@id":"https:\/\/ouvragelumineux.ch\/de\/datenschutzerklaerung\/","url":"https:\/\/ouvragelumineux.ch\/de\/datenschutzerklaerung\/","name":"Datenschutzerkl\u00e4rung - Ouvrage Lumineux","isPartOf":{"@id":"https:\/\/ouvragelumineux.ch\/de\/#website"},"datePublished":"2020-02-24T12:29:57+00:00","dateModified":"2020-02-24T12:29:58+00:00","breadcrumb":{"@id":"https:\/\/ouvragelumineux.ch\/de\/datenschutzerklaerung\/#breadcrumb"},"inLanguage":"de","potentialAction":[{"@type":"ReadAction","target":["https:\/\/ouvragelumineux.ch\/de\/datenschutzerklaerung\/"]}]},{"@type":"BreadcrumbList","@id":"https:\/\/ouvragelumineux.ch\/de\/datenschutzerklaerung\/#breadcrumb","itemListElement":[{"@type":"ListItem","position":1,"name":"Accueil","item":"https:\/\/ouvragelumineux.ch\/de\/"},{"@type":"ListItem","position":2,"name":"Datenschutzerkl\u00e4rung"}]},{"@type":"WebSite","@id":"https:\/\/ouvragelumineux.ch\/de\/#website","url":"https:\/\/ouvragelumineux.ch\/de\/","name":"Ouvrage Lumineux","description":"Boutique de cr\u00e9atrices et couture z\u00e9ro d\u00e9chet","publisher":{"@id":"https:\/\/ouvragelumineux.ch\/de\/#organization"},"potentialAction":[{"@type":"SearchAction","target":{"@type":"EntryPoint","urlTemplate":"https:\/\/ouvragelumineux.ch\/de\/?s={search_term_string}"},"query-input":"required name=search_term_string"}],"inLanguage":"de"},{"@type":"Organization","@id":"https:\/\/ouvragelumineux.ch\/de\/#organization","name":"De lettres en lettres","url":"https:\/\/ouvragelumineux.ch\/de\/","logo":{"@type":"ImageObject","inLanguage":"de","@id":"https:\/\/ouvragelumineux.ch\/de\/#\/schema\/logo\/image\/","url":"https:\/\/ouvragelumineux.ch\/wp-content\/uploads\/2018\/11\/logo_de_lettres_en_lettres.png","contentUrl":"https:\/\/ouvragelumineux.ch\/wp-content\/uploads\/2018\/11\/logo_de_lettres_en_lettres.png","width":482,"height":482,"caption":"De lettres en lettres"},"image":{"@id":"https:\/\/ouvragelumineux.ch\/de\/#\/schema\/logo\/image\/"}}]}},"publishpress_future_action":{"enabled":false,"date":"2026-05-08 02:56:46","action":"change-status","newStatus":"draft","terms":[],"taxonomy":"translation_priority"},"_links":{"self":[{"href":"https:\/\/ouvragelumineux.ch\/de\/wp-json\/wp\/v2\/pages\/10198","targetHints":{"allow":["GET"]}}],"collection":[{"href":"https:\/\/ouvragelumineux.ch\/de\/wp-json\/wp\/v2\/pages"}],"about":[{"href":"https:\/\/ouvragelumineux.ch\/de\/wp-json\/wp\/v2\/types\/page"}],"author":[{"embeddable":true,"href":"https:\/\/ouvragelumineux.ch\/de\/wp-json\/wp\/v2\/users\/195"}],"replies":[{"embeddable":true,"href":"https:\/\/ouvragelumineux.ch\/de\/wp-json\/wp\/v2\/comments?post=10198"}],"version-history":[{"count":1,"href":"https:\/\/ouvragelumineux.ch\/de\/wp-json\/wp\/v2\/pages\/10198\/revisions"}],"predecessor-version":[{"id":10199,"href":"https:\/\/ouvragelumineux.ch\/de\/wp-json\/wp\/v2\/pages\/10198\/revisions\/10199"}],"wp:attachment":[{"href":"https:\/\/ouvragelumineux.ch\/de\/wp-json\/wp\/v2\/media?parent=10198"}],"curies":[{"name":"wp","href":"https:\/\/api.w.org\/{rel}","templated":true}]}}