{"id":9737,"date":"2020-02-14T09:17:31","date_gmt":"2020-02-14T08:17:31","guid":{"rendered":"https:\/\/www.delettresenlettres.ch\/?page_id=9737"},"modified":"2022-10-27T11:07:33","modified_gmt":"2022-10-27T09:07:33","slug":"contact-de","status":"publish","type":"page","link":"https:\/\/ouvragelumineux.ch\/de\/contact-de\/","title":{"rendered":"Kontakt"},"content":{"rendered":"\t\t<div data-elementor-type=\"wp-page\" data-elementor-id=\"9737\" class=\"elementor elementor-9737 elementor-182\" data-elementor-post-type=\"page\">\n\t\t\t\t\t\t<section class=\"has_ae_slider elementor-section elementor-top-section elementor-element elementor-element-3af79bf elementor-section-boxed elementor-section-height-default elementor-section-height-default ae-bg-gallery-type-default\" data-id=\"3af79bf\" data-element_type=\"section\">\n\t\t\t\t\t\t<div class=\"elementor-container elementor-column-gap-default\">\n\t\t\t\t\t<div class=\"has_ae_slider elementor-column elementor-col-50 elementor-top-column elementor-element elementor-element-15fa143 ae-bg-gallery-type-default\" data-id=\"15fa143\" data-element_type=\"column\">\n\t\t\t<div class=\"elementor-widget-wrap elementor-element-populated\">\n\t\t\t\t\t\t<div class=\"elementor-element elementor-element-df31134 elementor-widget elementor-widget-text-editor\" data-id=\"df31134\" data-element_type=\"widget\" data-widget_type=\"text-editor.default\">\n\t\t\t\t<div class=\"elementor-widget-container\">\n\t\t\t<style>\/*! elementor - v3.20.0 - 26-03-2024 *\/\n.elementor-widget-text-editor.elementor-drop-cap-view-stacked .elementor-drop-cap{background-color:#69727d;color:#fff}.elementor-widget-text-editor.elementor-drop-cap-view-framed .elementor-drop-cap{color:#69727d;border:3px solid;background-color:transparent}.elementor-widget-text-editor:not(.elementor-drop-cap-view-default) .elementor-drop-cap{margin-top:8px}.elementor-widget-text-editor:not(.elementor-drop-cap-view-default) .elementor-drop-cap-letter{width:1em;height:1em}.elementor-widget-text-editor .elementor-drop-cap{float:left;text-align:center;line-height:1;font-size:50px}.elementor-widget-text-editor .elementor-drop-cap-letter{display:inline-block}<\/style>\t\t\t\t<p>Haben Sie eine Frage? Melden Sie sich bei mir. Ich werde Ihnen so schnell wie m\u00f6glich antworten.<\/p><div class=\"row\"><div class=\"col-sm-8\">\n<div class=\"wpcf7 no-js\" id=\"wpcf7-f9739-o1\" lang=\"en-US\" dir=\"ltr\">\n<div class=\"screen-reader-response\"><p role=\"status\" aria-live=\"polite\" aria-atomic=\"true\"><\/p> <ul><\/ul><\/div>\n<form action=\"\/de\/wp-json\/wp\/v2\/pages\/9737#wpcf7-f9739-o1\" method=\"post\" class=\"wpcf7-form init\" aria-label=\"Contact form\" novalidate=\"novalidate\" data-status=\"init\">\n<div style=\"display: none;\">\n<input type=\"hidden\" name=\"_wpcf7\" value=\"9739\" \/>\n<input type=\"hidden\" name=\"_wpcf7_version\" value=\"5.9.3\" \/>\n<input type=\"hidden\" name=\"_wpcf7_locale\" value=\"en_US\" \/>\n<input type=\"hidden\" name=\"_wpcf7_unit_tag\" value=\"wpcf7-f9739-o1\" \/>\n<input type=\"hidden\" name=\"_wpcf7_container_post\" value=\"0\" \/>\n<input type=\"hidden\" name=\"_wpcf7_posted_data_hash\" value=\"\" \/>\n<input type=\"hidden\" name=\"_wpcf7_recaptcha_response\" value=\"\" \/>\n<\/div>\n<div class=\"row formulaire_contact\">\n\t<div class=\"col-sm-6\">\n\t\t<p><span class=\"wpcf7-form-control-wrap\" data-name=\"dlel_prenom\"><input size=\"40\" class=\"wpcf7-form-control wpcf7-text wpcf7-validates-as-required\" aria-required=\"true\" aria-invalid=\"false\" placeholder=\"Name\" value=\"\" type=\"text\" name=\"dlel_prenom\" \/><\/span>\n\t\t<\/p>\n\t<\/div>\n\t<div class=\"col-sm-6\">\n\t\t<p>[text dlel_nom placeholder &#8220;Name]\n\t\t<\/p>\n\t<\/div>\n\t<div class=\"col-sm-12\">\n\t\t<p><span class=\"wpcf7-form-control-wrap\" data-name=\"dlel_mail\"><input size=\"40\" class=\"wpcf7-form-control wpcf7-email wpcf7-validates-as-required wpcf7-text wpcf7-validates-as-email\" aria-required=\"true\" aria-invalid=\"false\" placeholder=\"Mailadresse\" value=\"\" type=\"email\" name=\"dlel_mail\" \/><\/span>\n\t\t<\/p>\n\t<\/div>\n\t<div class=\"col-sm-12\">\n\t\t<p><span class=\"wpcf7-form-control-wrap\" data-name=\"dlel_message\"><textarea cols=\"40\" rows=\"10\" class=\"wpcf7-form-control wpcf7-textarea\" aria-invalid=\"false\" placeholder=\"Nachricht\" name=\"dlel_message\"><\/textarea><\/span>\n\t\t<\/p>\n\t<\/div>\n\t<div class=\"col-sm-12\">\n\t\t<p><input class=\"wpcf7-form-control wpcf7-submit has-spinner\" type=\"submit\" value=\"Senden\" \/>\n\t\t<\/p>\n\t<\/div>\n<\/div><div class=\"wpcf7-response-output\" aria-hidden=\"true\"><\/div>\n<\/form>\n<\/div>\n<\/div><\/div>\t\t\t\t\t\t<\/div>\n\t\t\t\t<\/div>\n\t\t\t\t\t<\/div>\n\t\t<\/div>\n\t\t\t\t<div class=\"has_ae_slider elementor-column elementor-col-50 elementor-top-column elementor-element elementor-element-68534a9 ae-bg-gallery-type-default\" data-id=\"68534a9\" data-element_type=\"column\" data-settings=\"{&quot;background_background&quot;:&quot;classic&quot;}\">\n\t\t\t<div class=\"elementor-widget-wrap elementor-element-populated\">\n\t\t\t\t\t\t<div class=\"elementor-element elementor-element-a579a78 elementor-widget elementor-widget-text-editor\" data-id=\"a579a78\" data-element_type=\"widget\" data-widget_type=\"text-editor.default\">\n\t\t\t\t<div class=\"elementor-widget-container\">\n\t\t\t\t\t\t\t<div class=\"row\"><div class=\"col-sm-4\"><strong>Ouvrage lumineux<\/strong><br \/>Ana\u00efs M\u00e4rki<br \/>Sch\u00fctzenweg7<br \/>3212 Gurmels<\/div><\/div>\t\t\t\t\t\t<\/div>\n\t\t\t\t<\/div>\n\t\t\t\t\t<\/div>\n\t\t<\/div>\n\t\t\t\t\t<\/div>\n\t\t<\/section>\n\t\t\t\t<\/div>\n\t\t","protected":false},"excerpt":{"rendered":"<p>Haben Sie eine Frage? Melden Sie sich bei mir. Ich werde Ihnen so schnell wie m\u00f6glich antworten. Ouvrage lumineuxAna\u00efs M\u00e4rkiSch\u00fctzenweg73212 Gurmels<\/p>\n","protected":false},"author":1,"featured_media":0,"parent":0,"menu_order":0,"comment_status":"closed","ping_status":"closed","template":"","meta":{"_acf_changed":false,"_exactmetrics_skip_tracking":false,"_exactmetrics_sitenote_active":false,"_exactmetrics_sitenote_note":"","_exactmetrics_sitenote_category":0,"footnotes":""},"class_list":["post-9737","page","type-page","status-publish","hentry"],"acf":[],"yoast_head":"<!-- This site is optimized with the Yoast SEO plugin v22.3 - https:\/\/yoast.com\/wordpress\/plugins\/seo\/ -->\n<title>Kontakt - Ouvrage Lumineux<\/title>\n<meta name=\"robots\" content=\"index, follow, max-snippet:-1, max-image-preview:large, max-video-preview:-1\" \/>\n<link rel=\"canonical\" href=\"https:\/\/ouvragelumineux.ch\/de\/contact-de\/\" \/>\n<meta property=\"og:locale\" content=\"de_DE\" \/>\n<meta property=\"og:type\" content=\"article\" \/>\n<meta property=\"og:title\" content=\"Kontakt - Ouvrage Lumineux\" \/>\n<meta property=\"og:description\" content=\"Haben Sie eine Frage? Melden Sie sich bei mir. Ich werde Ihnen so schnell wie m\u00f6glich antworten. Ouvrage lumineuxAna\u00efs M\u00e4rkiSch\u00fctzenweg73212 Gurmels\" \/>\n<meta property=\"og:url\" content=\"https:\/\/ouvragelumineux.ch\/de\/contact-de\/\" \/>\n<meta property=\"og:site_name\" content=\"Ouvrage Lumineux\" \/>\n<meta property=\"article:modified_time\" content=\"2022-10-27T09:07:33+00:00\" \/>\n<meta name=\"twitter:card\" content=\"summary_large_image\" \/>\n<meta name=\"twitter:label1\" content=\"Gesch\u00e4tzte Lesezeit\" \/>\n\t<meta name=\"twitter:data1\" content=\"1 Minute\" \/>\n<script type=\"application\/ld+json\" class=\"yoast-schema-graph\">{\"@context\":\"https:\/\/schema.org\",\"@graph\":[{\"@type\":\"WebPage\",\"@id\":\"https:\/\/ouvragelumineux.ch\/de\/contact-de\/\",\"url\":\"https:\/\/ouvragelumineux.ch\/de\/contact-de\/\",\"name\":\"Kontakt - Ouvrage Lumineux\",\"isPartOf\":{\"@id\":\"https:\/\/ouvragelumineux.ch\/de\/#website\"},\"datePublished\":\"2020-02-14T08:17:31+00:00\",\"dateModified\":\"2022-10-27T09:07:33+00:00\",\"breadcrumb\":{\"@id\":\"https:\/\/ouvragelumineux.ch\/de\/contact-de\/#breadcrumb\"},\"inLanguage\":\"de\",\"potentialAction\":[{\"@type\":\"ReadAction\",\"target\":[\"https:\/\/ouvragelumineux.ch\/de\/contact-de\/\"]}]},{\"@type\":\"BreadcrumbList\",\"@id\":\"https:\/\/ouvragelumineux.ch\/de\/contact-de\/#breadcrumb\",\"itemListElement\":[{\"@type\":\"ListItem\",\"position\":1,\"name\":\"Accueil\",\"item\":\"https:\/\/ouvragelumineux.ch\/de\/\"},{\"@type\":\"ListItem\",\"position\":2,\"name\":\"Kontakt\"}]},{\"@type\":\"WebSite\",\"@id\":\"https:\/\/ouvragelumineux.ch\/de\/#website\",\"url\":\"https:\/\/ouvragelumineux.ch\/de\/\",\"name\":\"Ouvrage Lumineux\",\"description\":\"Boutique de cr\u00e9atrices et couture z\u00e9ro d\u00e9chet\",\"publisher\":{\"@id\":\"https:\/\/ouvragelumineux.ch\/de\/#organization\"},\"potentialAction\":[{\"@type\":\"SearchAction\",\"target\":{\"@type\":\"EntryPoint\",\"urlTemplate\":\"https:\/\/ouvragelumineux.ch\/de\/?s={search_term_string}\"},\"query-input\":\"required name=search_term_string\"}],\"inLanguage\":\"de\"},{\"@type\":\"Organization\",\"@id\":\"https:\/\/ouvragelumineux.ch\/de\/#organization\",\"name\":\"De lettres en lettres\",\"url\":\"https:\/\/ouvragelumineux.ch\/de\/\",\"logo\":{\"@type\":\"ImageObject\",\"inLanguage\":\"de\",\"@id\":\"https:\/\/ouvragelumineux.ch\/de\/#\/schema\/logo\/image\/\",\"url\":\"https:\/\/ouvragelumineux.ch\/wp-content\/uploads\/2018\/11\/logo_de_lettres_en_lettres.png\",\"contentUrl\":\"https:\/\/ouvragelumineux.ch\/wp-content\/uploads\/2018\/11\/logo_de_lettres_en_lettres.png\",\"width\":482,\"height\":482,\"caption\":\"De lettres en lettres\"},\"image\":{\"@id\":\"https:\/\/ouvragelumineux.ch\/de\/#\/schema\/logo\/image\/\"}}]}<\/script>\n<!-- \/ Yoast SEO plugin. -->","yoast_head_json":{"title":"Kontakt - Ouvrage Lumineux","robots":{"index":"index","follow":"follow","max-snippet":"max-snippet:-1","max-image-preview":"max-image-preview:large","max-video-preview":"max-video-preview:-1"},"canonical":"https:\/\/ouvragelumineux.ch\/de\/contact-de\/","og_locale":"de_DE","og_type":"article","og_title":"Kontakt - Ouvrage Lumineux","og_description":"Haben Sie eine Frage? Melden Sie sich bei mir. Ich werde Ihnen so schnell wie m\u00f6glich antworten. Ouvrage lumineuxAna\u00efs M\u00e4rkiSch\u00fctzenweg73212 Gurmels","og_url":"https:\/\/ouvragelumineux.ch\/de\/contact-de\/","og_site_name":"Ouvrage Lumineux","article_modified_time":"2022-10-27T09:07:33+00:00","twitter_card":"summary_large_image","twitter_misc":{"Gesch\u00e4tzte Lesezeit":"1 Minute"},"schema":{"@context":"https:\/\/schema.org","@graph":[{"@type":"WebPage","@id":"https:\/\/ouvragelumineux.ch\/de\/contact-de\/","url":"https:\/\/ouvragelumineux.ch\/de\/contact-de\/","name":"Kontakt - Ouvrage Lumineux","isPartOf":{"@id":"https:\/\/ouvragelumineux.ch\/de\/#website"},"datePublished":"2020-02-14T08:17:31+00:00","dateModified":"2022-10-27T09:07:33+00:00","breadcrumb":{"@id":"https:\/\/ouvragelumineux.ch\/de\/contact-de\/#breadcrumb"},"inLanguage":"de","potentialAction":[{"@type":"ReadAction","target":["https:\/\/ouvragelumineux.ch\/de\/contact-de\/"]}]},{"@type":"BreadcrumbList","@id":"https:\/\/ouvragelumineux.ch\/de\/contact-de\/#breadcrumb","itemListElement":[{"@type":"ListItem","position":1,"name":"Accueil","item":"https:\/\/ouvragelumineux.ch\/de\/"},{"@type":"ListItem","position":2,"name":"Kontakt"}]},{"@type":"WebSite","@id":"https:\/\/ouvragelumineux.ch\/de\/#website","url":"https:\/\/ouvragelumineux.ch\/de\/","name":"Ouvrage Lumineux","description":"Boutique de cr\u00e9atrices et couture z\u00e9ro d\u00e9chet","publisher":{"@id":"https:\/\/ouvragelumineux.ch\/de\/#organization"},"potentialAction":[{"@type":"SearchAction","target":{"@type":"EntryPoint","urlTemplate":"https:\/\/ouvragelumineux.ch\/de\/?s={search_term_string}"},"query-input":"required name=search_term_string"}],"inLanguage":"de"},{"@type":"Organization","@id":"https:\/\/ouvragelumineux.ch\/de\/#organization","name":"De lettres en lettres","url":"https:\/\/ouvragelumineux.ch\/de\/","logo":{"@type":"ImageObject","inLanguage":"de","@id":"https:\/\/ouvragelumineux.ch\/de\/#\/schema\/logo\/image\/","url":"https:\/\/ouvragelumineux.ch\/wp-content\/uploads\/2018\/11\/logo_de_lettres_en_lettres.png","contentUrl":"https:\/\/ouvragelumineux.ch\/wp-content\/uploads\/2018\/11\/logo_de_lettres_en_lettres.png","width":482,"height":482,"caption":"De lettres en lettres"},"image":{"@id":"https:\/\/ouvragelumineux.ch\/de\/#\/schema\/logo\/image\/"}}]}},"publishpress_future_action":{"enabled":false,"date":"2026-05-22 18:08:59","action":"change-status","newStatus":"draft","terms":[],"taxonomy":"translation_priority"},"_links":{"self":[{"href":"https:\/\/ouvragelumineux.ch\/de\/wp-json\/wp\/v2\/pages\/9737","targetHints":{"allow":["GET"]}}],"collection":[{"href":"https:\/\/ouvragelumineux.ch\/de\/wp-json\/wp\/v2\/pages"}],"about":[{"href":"https:\/\/ouvragelumineux.ch\/de\/wp-json\/wp\/v2\/types\/page"}],"author":[{"embeddable":true,"href":"https:\/\/ouvragelumineux.ch\/de\/wp-json\/wp\/v2\/users\/1"}],"replies":[{"embeddable":true,"href":"https:\/\/ouvragelumineux.ch\/de\/wp-json\/wp\/v2\/comments?post=9737"}],"version-history":[{"count":7,"href":"https:\/\/ouvragelumineux.ch\/de\/wp-json\/wp\/v2\/pages\/9737\/revisions"}],"predecessor-version":[{"id":59651,"href":"https:\/\/ouvragelumineux.ch\/de\/wp-json\/wp\/v2\/pages\/9737\/revisions\/59651"}],"wp:attachment":[{"href":"https:\/\/ouvragelumineux.ch\/de\/wp-json\/wp\/v2\/media?parent=9737"}],"curies":[{"name":"wp","href":"https:\/\/api.w.org\/{rel}","templated":true}]}}